{"id":849,"date":"2026-03-27T18:39:53","date_gmt":"2026-03-27T18:39:53","guid":{"rendered":"https:\/\/disite.com.br\/luizgustavo\/?page_id=849"},"modified":"2026-03-27T18:41:42","modified_gmt":"2026-03-27T18:41:42","slug":"vasectomia","status":"publish","type":"page","link":"https:\/\/disite.com.br\/luizgustavo\/vasectomia\/","title":{"rendered":"Vasectomia"},"content":{"rendered":"\t\t<div data-elementor-type=\"wp-page\" data-elementor-id=\"849\" class=\"elementor elementor-849\" data-elementor-post-type=\"page\">\n\t\t\t\t<div class=\"elementor-element elementor-element-b7ce94f e-flex e-con-boxed e-con e-parent\" data-id=\"b7ce94f\" data-element_type=\"container\" data-e-type=\"container\" data-settings=\"{&quot;background_background&quot;:&quot;classic&quot;,&quot;jet_parallax_layout_list&quot;:[]}\">\n\t\t\t\t\t<div class=\"e-con-inner\">\n\t\t\t\t<div class=\"elementor-element elementor-element-4c53bef elementor-widget elementor-widget-heading\" data-id=\"4c53bef\" data-element_type=\"widget\" data-e-type=\"widget\" data-widget_type=\"heading.default\">\n\t\t\t\t\t<h2 class=\"elementor-heading-title elementor-size-default\">Vasectomia<\/h2>\t\t\t\t<\/div>\n\t\t\t\t\t<\/div>\n\t\t\t\t<\/div>\n\t\t<div class=\"elementor-element elementor-element-4248724 e-flex e-con-boxed e-con e-parent\" data-id=\"4248724\" data-element_type=\"container\" data-e-type=\"container\" data-settings=\"{&quot;jet_parallax_layout_list&quot;:[]}\">\n\t\t\t\t\t<div class=\"e-con-inner\">\n\t\t<div class=\"elementor-element elementor-element-5530d25 e-con-full e-flex e-con e-child\" data-id=\"5530d25\" data-element_type=\"container\" data-e-type=\"container\" data-settings=\"{&quot;jet_parallax_layout_list&quot;:[]}\">\n\t\t\t\t<div class=\"elementor-element elementor-element-7a626a2 elementor-widget elementor-widget-image\" data-id=\"7a626a2\" data-element_type=\"widget\" data-e-type=\"widget\" data-widget_type=\"image.default\">\n\t\t\t\t\t\t\t\t\t\t\t\t\t\t\t<img fetchpriority=\"high\" decoding=\"async\" width=\"600\" height=\"400\" src=\"https:\/\/disite.com.br\/luizgustavo\/wp-content\/uploads\/2026\/03\/vasectomia-1.webp\" class=\"attachment-full size-full wp-image-851\" alt=\"\" srcset=\"https:\/\/disite.com.br\/luizgustavo\/wp-content\/uploads\/2026\/03\/vasectomia-1.webp 600w, https:\/\/disite.com.br\/luizgustavo\/wp-content\/uploads\/2026\/03\/vasectomia-1-300x200.webp 300w\" sizes=\"(max-width: 600px) 100vw, 600px\" \/>\t\t\t\t\t\t\t\t\t\t\t\t\t\t\t<\/div>\n\t\t\t\t<\/div>\n\t\t<div class=\"elementor-element elementor-element-086987b e-con-full e-flex e-con e-child\" data-id=\"086987b\" data-element_type=\"container\" data-e-type=\"container\" data-settings=\"{&quot;jet_parallax_layout_list&quot;:[]}\">\n\t\t\t\t<div class=\"elementor-element elementor-element-0f25fef elementor-widget__width-initial elementor-widget elementor-widget-text-editor\" data-id=\"0f25fef\" data-element_type=\"widget\" data-e-type=\"widget\" data-widget_type=\"text-editor.default\">\n\t\t\t\t\t\t\t\t\t<p>A vasectomia \u00e9 um procedimento cir\u00fargico que visa a contracep\u00e7\u00e3o masculina, tornando os espermatozoides incapazes de alcan\u00e7ar o s\u00eamen. Durante a cirurgia, os canais deferentes, que transportam os espermatozoides dos test\u00edculos at\u00e9 a uretra, s\u00e3o cortados e amarrados. O procedimento \u00e9 considerado seguro e eficaz, com taxa de sucesso superior a 99% na preven\u00e7\u00e3o da gravidez.<\/p><p>Embora a vasectomia seja geralmente irrevers\u00edvel, muitos homens optam por ela por sua praticidade e pelo fato de n\u00e3o afetar a libido ou a produ\u00e7\u00e3o de horm\u00f4nios. Al\u00e9m disso, a recupera\u00e7\u00e3o \u00e9 r\u00e1pida, permitindo que a maioria dos pacientes retome suas atividades normais em poucos dias. \u00c9 importante que os homens discutam todas as op\u00e7\u00f5es e considera\u00e7\u00f5es com um profissional de sa\u00fade antes de tomar essa decis\u00e3o.<\/p>\t\t\t\t\t\t\t\t<\/div>\n\t\t\t\t<\/div>\n\t\t\t\t\t<\/div>\n\t\t\t\t<\/div>\n\t\t<div class=\"elementor-element elementor-element-7cb474b e-con-full e-flex e-con e-parent\" data-id=\"7cb474b\" data-element_type=\"container\" data-e-type=\"container\" data-settings=\"{&quot;jet_parallax_layout_list&quot;:[]}\">\n\t\t<div class=\"elementor-element elementor-element-2aea166 e-con-full animated-slow e-flex e-con e-child\" data-id=\"2aea166\" data-element_type=\"container\" data-e-type=\"container\" data-settings=\"{&quot;background_background&quot;:&quot;classic&quot;,&quot;animation&quot;:&quot;none&quot;,&quot;jet_parallax_layout_list&quot;:[]}\">\n\t\t\t\t<\/div>\n\t\t<div class=\"elementor-element elementor-element-b450efe e-con-full animated-slow e-flex e-con e-child\" data-id=\"b450efe\" data-element_type=\"container\" data-e-type=\"container\" data-settings=\"{&quot;background_background&quot;:&quot;classic&quot;,&quot;animation&quot;:&quot;none&quot;,&quot;jet_parallax_layout_list&quot;:[]}\">\n\t\t\t\t<div class=\"elementor-element elementor-element-b5e7ce5 elementor-widget__width-initial elementor-widget elementor-widget-heading\" data-id=\"b5e7ce5\" data-element_type=\"widget\" data-e-type=\"widget\" data-widget_type=\"heading.default\">\n\t\t\t\t\t<h2 class=\"elementor-heading-title elementor-size-default\">Agende a sua consulta\n<\/h2>\t\t\t\t<\/div>\n\t\t\t\t<div class=\"elementor-element elementor-element-0770fc0 elementor-widget__width-initial elementor-widget elementor-widget-text-editor\" data-id=\"0770fc0\" data-element_type=\"widget\" data-e-type=\"widget\" data-widget_type=\"text-editor.default\">\n\t\t\t\t\t\t\t\t\t<p>Sua sa\u00fade merece aten\u00e7\u00e3o especializada. Agende sua consulta e tenha acesso aos tratamentos mais avan\u00e7ados em urologia, com a confian\u00e7a de uma equipe altamente qualificada.<\/p>\t\t\t\t\t\t\t\t<\/div>\n\t\t\t\t<div class=\"elementor-element elementor-element-f01816c elementor-align-justify elementor-widget__width-initial elementor-widget elementor-widget-button\" data-id=\"f01816c\" data-element_type=\"widget\" data-e-type=\"widget\" data-widget_type=\"button.default\">\n\t\t\t\t\t\t\t\t\t\t<a class=\"elementor-button elementor-button-link elementor-size-sm elementor-animation-grow\" href=\"https:\/\/api.whatsapp.com\/send\/?phone=5519971633994&#038;text&#038;type=phone_number&#038;app_absent=0\" target=\"_blank\">\n\t\t\t\t\t\t<span class=\"elementor-button-content-wrapper\">\n\t\t\t\t\t\t<span class=\"elementor-button-icon\">\n\t\t\t\t<svg aria-hidden=\"true\" class=\"e-font-icon-svg e-fab-whatsapp\" viewBox=\"0 0 448 512\" xmlns=\"http:\/\/www.w3.org\/2000\/svg\"><path d=\"M380.9 97.1C339 55.1 283.2 32 223.9 32c-122.4 0-222 99.6-222 222 0 39.1 10.2 77.3 29.6 111L0 480l117.7-30.9c32.4 17.7 68.9 27 106.1 27h.1c122.3 0 224.1-99.6 224.1-222 0-59.3-25.2-115-67.1-157zm-157 341.6c-33.2 0-65.7-8.9-94-25.7l-6.7-4-69.8 18.3L72 359.2l-4.4-7c-18.5-29.4-28.2-63.3-28.2-98.2 0-101.7 82.8-184.5 184.6-184.5 49.3 0 95.6 19.2 130.4 54.1 34.8 34.9 56.2 81.2 56.1 130.5 0 101.8-84.9 184.6-186.6 184.6zm101.2-138.2c-5.5-2.8-32.8-16.2-37.9-18-5.1-1.9-8.8-2.8-12.5 2.8-3.7 5.6-14.3 18-17.6 21.8-3.2 3.7-6.5 4.2-12 1.4-32.6-16.3-54-29.1-75.5-66-5.7-9.8 5.7-9.1 16.3-30.3 1.8-3.7.9-6.9-.5-9.7-1.4-2.8-12.5-30.1-17.1-41.2-4.5-10.8-9.1-9.3-12.5-9.5-3.2-.2-6.9-.2-10.6-.2-3.7 0-9.7 1.4-14.8 6.9-5.1 5.6-19.4 19-19.4 46.3 0 27.3 19.9 53.7 22.6 57.4 2.8 3.7 39.1 59.7 94.8 83.8 35.2 15.2 49 16.5 66.6 13.9 10.7-1.6 32.8-13.4 37.4-26.4 4.6-13 4.6-24.1 3.2-26.4-1.3-2.5-5-3.9-10.5-6.6z\"><\/path><\/svg>\t\t\t<\/span>\n\t\t\t\t\t\t\t\t\t<span class=\"elementor-button-text\">Agendar agora<\/span>\n\t\t\t\t\t<\/span>\n\t\t\t\t\t<\/a>\n\t\t\t\t\t\t\t\t<\/div>\n\t\t\t\t<\/div>\n\t\t\t\t<\/div>\n\t\t\t\t<\/div>\n\t\t","protected":false},"excerpt":{"rendered":"<p>Vasectomia A vasectomia \u00e9 um procedimento cir\u00fargico que visa a contracep\u00e7\u00e3o masculina, tornando os espermatozoides incapazes de alcan\u00e7ar o s\u00eamen. Durante a cirurgia, os canais deferentes, que transportam os espermatozoides dos test\u00edculos at\u00e9 a uretra, s\u00e3o cortados e amarrados. O procedimento \u00e9 considerado seguro e eficaz, com taxa de sucesso superior a 99% na preven\u00e7\u00e3o [&hellip;]<\/p>\n","protected":false},"author":1,"featured_media":0,"parent":0,"menu_order":0,"comment_status":"closed","ping_status":"closed","template":"elementor_header_footer","meta":{"_joinchat":[],"footnotes":""},"class_list":["post-849","page","type-page","status-publish","hentry"],"yoast_head":"<!-- This site is optimized with the Yoast SEO plugin v27.3 - https:\/\/yoast.com\/product\/yoast-seo-wordpress\/ -->\n<title>Vasectomia<\/title>\n<meta name=\"description\" content=\"Planejamento familiar com seguran\u00e7a: saiba como funciona a vasectomia, um procedimento simples, r\u00e1pido e com recupera\u00e7\u00e3o tranquila. Tire suas d\u00favidas agora!\" \/>\n<meta name=\"robots\" content=\"index, follow, max-snippet:-1, max-image-preview:large, max-video-preview:-1\" \/>\n<link rel=\"canonical\" href=\"https:\/\/disite.com.br\/luizgustavo\/vasectomia\/\" \/>\n<meta property=\"og:locale\" content=\"pt_BR\" \/>\n<meta property=\"og:type\" content=\"article\" \/>\n<meta property=\"og:title\" content=\"Vasectomia\" \/>\n<meta property=\"og:description\" content=\"Planejamento familiar com seguran\u00e7a: saiba como funciona a vasectomia, um procedimento simples, r\u00e1pido e com recupera\u00e7\u00e3o tranquila. Tire suas d\u00favidas agora!\" \/>\n<meta property=\"og:url\" content=\"https:\/\/disite.com.br\/luizgustavo\/vasectomia\/\" \/>\n<meta property=\"og:site_name\" content=\"Dr. Luiz Brand\u00e3o\" \/>\n<meta property=\"article:modified_time\" content=\"2026-03-27T18:41:42+00:00\" \/>\n<meta property=\"og:image\" content=\"https:\/\/disite.com.br\/luizgustavo\/wp-content\/uploads\/2026\/03\/vasectomia-1.webp\" \/>\n\t<meta property=\"og:image:width\" content=\"600\" \/>\n\t<meta property=\"og:image:height\" content=\"400\" \/>\n\t<meta property=\"og:image:type\" content=\"image\/webp\" \/>\n<meta name=\"twitter:card\" content=\"summary_large_image\" \/>\n<meta name=\"twitter:label1\" content=\"Est. tempo de leitura\" \/>\n\t<meta name=\"twitter:data1\" content=\"1 minuto\" \/>\n<script type=\"application\/ld+json\" class=\"yoast-schema-graph\">{\"@context\":\"https:\\\/\\\/schema.org\",\"@graph\":[{\"@type\":\"WebPage\",\"@id\":\"https:\\\/\\\/disite.com.br\\\/luizgustavo\\\/vasectomia\\\/\",\"url\":\"https:\\\/\\\/disite.com.br\\\/luizgustavo\\\/vasectomia\\\/\",\"name\":\"Vasectomia\",\"isPartOf\":{\"@id\":\"https:\\\/\\\/disite.com.br\\\/luizgustavo\\\/#website\"},\"primaryImageOfPage\":{\"@id\":\"https:\\\/\\\/disite.com.br\\\/luizgustavo\\\/vasectomia\\\/#primaryimage\"},\"image\":{\"@id\":\"https:\\\/\\\/disite.com.br\\\/luizgustavo\\\/vasectomia\\\/#primaryimage\"},\"thumbnailUrl\":\"https:\\\/\\\/disite.com.br\\\/luizgustavo\\\/wp-content\\\/uploads\\\/2026\\\/03\\\/vasectomia-1.webp\",\"datePublished\":\"2026-03-27T18:39:53+00:00\",\"dateModified\":\"2026-03-27T18:41:42+00:00\",\"description\":\"Planejamento familiar com seguran\u00e7a: saiba como funciona a vasectomia, um procedimento simples, r\u00e1pido e com recupera\u00e7\u00e3o tranquila. Tire suas d\u00favidas agora!\",\"breadcrumb\":{\"@id\":\"https:\\\/\\\/disite.com.br\\\/luizgustavo\\\/vasectomia\\\/#breadcrumb\"},\"inLanguage\":\"pt-BR\",\"potentialAction\":[{\"@type\":\"ReadAction\",\"target\":[\"https:\\\/\\\/disite.com.br\\\/luizgustavo\\\/vasectomia\\\/\"]}]},{\"@type\":\"ImageObject\",\"inLanguage\":\"pt-BR\",\"@id\":\"https:\\\/\\\/disite.com.br\\\/luizgustavo\\\/vasectomia\\\/#primaryimage\",\"url\":\"https:\\\/\\\/disite.com.br\\\/luizgustavo\\\/wp-content\\\/uploads\\\/2026\\\/03\\\/vasectomia-1.webp\",\"contentUrl\":\"https:\\\/\\\/disite.com.br\\\/luizgustavo\\\/wp-content\\\/uploads\\\/2026\\\/03\\\/vasectomia-1.webp\",\"width\":600,\"height\":400},{\"@type\":\"BreadcrumbList\",\"@id\":\"https:\\\/\\\/disite.com.br\\\/luizgustavo\\\/vasectomia\\\/#breadcrumb\",\"itemListElement\":[{\"@type\":\"ListItem\",\"position\":1,\"name\":\"In\u00edcio\",\"item\":\"https:\\\/\\\/disite.com.br\\\/luizgustavo\\\/\"},{\"@type\":\"ListItem\",\"position\":2,\"name\":\"Vasectomia\"}]},{\"@type\":\"WebSite\",\"@id\":\"https:\\\/\\\/disite.com.br\\\/luizgustavo\\\/#website\",\"url\":\"https:\\\/\\\/disite.com.br\\\/luizgustavo\\\/\",\"name\":\"Dr. Luiz Brand\u00e3o\",\"description\":\"Urologista\",\"potentialAction\":[{\"@type\":\"SearchAction\",\"target\":{\"@type\":\"EntryPoint\",\"urlTemplate\":\"https:\\\/\\\/disite.com.br\\\/luizgustavo\\\/?s={search_term_string}\"},\"query-input\":{\"@type\":\"PropertyValueSpecification\",\"valueRequired\":true,\"valueName\":\"search_term_string\"}}],\"inLanguage\":\"pt-BR\"}]}<\/script>\n<!-- \/ Yoast SEO plugin. -->","yoast_head_json":{"title":"Vasectomia","description":"Planejamento familiar com seguran\u00e7a: saiba como funciona a vasectomia, um procedimento simples, r\u00e1pido e com recupera\u00e7\u00e3o tranquila. Tire suas d\u00favidas agora!","robots":{"index":"index","follow":"follow","max-snippet":"max-snippet:-1","max-image-preview":"max-image-preview:large","max-video-preview":"max-video-preview:-1"},"canonical":"https:\/\/disite.com.br\/luizgustavo\/vasectomia\/","og_locale":"pt_BR","og_type":"article","og_title":"Vasectomia","og_description":"Planejamento familiar com seguran\u00e7a: saiba como funciona a vasectomia, um procedimento simples, r\u00e1pido e com recupera\u00e7\u00e3o tranquila. Tire suas d\u00favidas agora!","og_url":"https:\/\/disite.com.br\/luizgustavo\/vasectomia\/","og_site_name":"Dr. Luiz Brand\u00e3o","article_modified_time":"2026-03-27T18:41:42+00:00","og_image":[{"width":600,"height":400,"url":"https:\/\/disite.com.br\/luizgustavo\/wp-content\/uploads\/2026\/03\/vasectomia-1.webp","type":"image\/webp"}],"twitter_card":"summary_large_image","twitter_misc":{"Est. tempo de leitura":"1 minuto"},"schema":{"@context":"https:\/\/schema.org","@graph":[{"@type":"WebPage","@id":"https:\/\/disite.com.br\/luizgustavo\/vasectomia\/","url":"https:\/\/disite.com.br\/luizgustavo\/vasectomia\/","name":"Vasectomia","isPartOf":{"@id":"https:\/\/disite.com.br\/luizgustavo\/#website"},"primaryImageOfPage":{"@id":"https:\/\/disite.com.br\/luizgustavo\/vasectomia\/#primaryimage"},"image":{"@id":"https:\/\/disite.com.br\/luizgustavo\/vasectomia\/#primaryimage"},"thumbnailUrl":"https:\/\/disite.com.br\/luizgustavo\/wp-content\/uploads\/2026\/03\/vasectomia-1.webp","datePublished":"2026-03-27T18:39:53+00:00","dateModified":"2026-03-27T18:41:42+00:00","description":"Planejamento familiar com seguran\u00e7a: saiba como funciona a vasectomia, um procedimento simples, r\u00e1pido e com recupera\u00e7\u00e3o tranquila. Tire suas d\u00favidas agora!","breadcrumb":{"@id":"https:\/\/disite.com.br\/luizgustavo\/vasectomia\/#breadcrumb"},"inLanguage":"pt-BR","potentialAction":[{"@type":"ReadAction","target":["https:\/\/disite.com.br\/luizgustavo\/vasectomia\/"]}]},{"@type":"ImageObject","inLanguage":"pt-BR","@id":"https:\/\/disite.com.br\/luizgustavo\/vasectomia\/#primaryimage","url":"https:\/\/disite.com.br\/luizgustavo\/wp-content\/uploads\/2026\/03\/vasectomia-1.webp","contentUrl":"https:\/\/disite.com.br\/luizgustavo\/wp-content\/uploads\/2026\/03\/vasectomia-1.webp","width":600,"height":400},{"@type":"BreadcrumbList","@id":"https:\/\/disite.com.br\/luizgustavo\/vasectomia\/#breadcrumb","itemListElement":[{"@type":"ListItem","position":1,"name":"In\u00edcio","item":"https:\/\/disite.com.br\/luizgustavo\/"},{"@type":"ListItem","position":2,"name":"Vasectomia"}]},{"@type":"WebSite","@id":"https:\/\/disite.com.br\/luizgustavo\/#website","url":"https:\/\/disite.com.br\/luizgustavo\/","name":"Dr. Luiz Brand\u00e3o","description":"Urologista","potentialAction":[{"@type":"SearchAction","target":{"@type":"EntryPoint","urlTemplate":"https:\/\/disite.com.br\/luizgustavo\/?s={search_term_string}"},"query-input":{"@type":"PropertyValueSpecification","valueRequired":true,"valueName":"search_term_string"}}],"inLanguage":"pt-BR"}]}},"_links":{"self":[{"href":"https:\/\/disite.com.br\/luizgustavo\/wp-json\/wp\/v2\/pages\/849","targetHints":{"allow":["GET"]}}],"collection":[{"href":"https:\/\/disite.com.br\/luizgustavo\/wp-json\/wp\/v2\/pages"}],"about":[{"href":"https:\/\/disite.com.br\/luizgustavo\/wp-json\/wp\/v2\/types\/page"}],"author":[{"embeddable":true,"href":"https:\/\/disite.com.br\/luizgustavo\/wp-json\/wp\/v2\/users\/1"}],"replies":[{"embeddable":true,"href":"https:\/\/disite.com.br\/luizgustavo\/wp-json\/wp\/v2\/comments?post=849"}],"version-history":[{"count":4,"href":"https:\/\/disite.com.br\/luizgustavo\/wp-json\/wp\/v2\/pages\/849\/revisions"}],"predecessor-version":[{"id":854,"href":"https:\/\/disite.com.br\/luizgustavo\/wp-json\/wp\/v2\/pages\/849\/revisions\/854"}],"wp:attachment":[{"href":"https:\/\/disite.com.br\/luizgustavo\/wp-json\/wp\/v2\/media?parent=849"}],"curies":[{"name":"wp","href":"https:\/\/api.w.org\/{rel}","templated":true}]}}